{"id":14,"date":"2023-02-09T07:26:21","date_gmt":"2023-02-09T07:26:21","guid":{"rendered":"https:\/\/pflegedienst-koenigsdoerfer.de\/?page_id=14"},"modified":"2023-02-10T11:08:03","modified_gmt":"2023-02-10T11:08:03","slug":"pflegedienst-koenigsdoerfer","status":"publish","type":"page","link":"https:\/\/pflegedienst-koenigsdoerfer.de\/","title":{"rendered":"Pflegedienst  K\u00f6nigsd\u00f6rfer"},"content":{"rendered":"\n<figure class=\"wp-block-image size-large\"><img loading=\"lazy\" decoding=\"async\" width=\"1024\" height=\"415\" src=\"https:\/\/pflegedienst-koenigsdoerfer.de\/wp-content\/uploads\/2022\/07\/Logo-KN1933-Koedoe-1024x415.jpg\" alt=\"\" class=\"wp-image-5\" srcset=\"https:\/\/pflegedienst-koenigsdoerfer.de\/wp-content\/uploads\/2022\/07\/Logo-KN1933-Koedoe-1024x415.jpg 1024w, https:\/\/pflegedienst-koenigsdoerfer.de\/wp-content\/uploads\/2022\/07\/Logo-KN1933-Koedoe-300x122.jpg 300w, https:\/\/pflegedienst-koenigsdoerfer.de\/wp-content\/uploads\/2022\/07\/Logo-KN1933-Koedoe-768x312.jpg 768w, https:\/\/pflegedienst-koenigsdoerfer.de\/wp-content\/uploads\/2022\/07\/Logo-KN1933-Koedoe.jpg 1124w\" sizes=\"auto, (max-width: 1024px) 100vw, 1024px\" \/><\/figure>\n\n\n\n<p>Sie sorgen sich um die Eltern oder um Angeh\u00f6rige? Krankheitsfolgen? Pflegebed\u00fcrftigkeit? <\/p>\n\n\n\n<p>Sie suchen jemanden, der zuh\u00f6rt, wenn die Sorgen gr\u00f6\u00dfer und die Kr\u00e4fte kleiner werden? Menschen, die Rat geben, aber auch helfen k\u00f6nnen?<\/p>\n\n\n\n<p>Das sind wir!<\/p>\n","protected":false},"excerpt":{"rendered":"<p>Sie sorgen sich um die Eltern oder um Angeh\u00f6rige? Krankheitsfolgen? Pflegebed\u00fcrftigkeit? Sie suchen jemanden, der zuh\u00f6rt, wenn die Sorgen gr\u00f6\u00dfer und die Kr\u00e4fte kleiner werden? Menschen, die Rat geben, aber auch helfen k\u00f6nnen? Das sind wir!<\/p>\n","protected":false},"author":1,"featured_media":0,"parent":0,"menu_order":0,"comment_status":"closed","ping_status":"closed","template":"","meta":{"footnotes":""},"class_list":["post-14","page","type-page","status-publish","hentry"],"_links":{"self":[{"href":"https:\/\/pflegedienst-koenigsdoerfer.de\/index.php\/wp-json\/wp\/v2\/pages\/14","targetHints":{"allow":["GET"]}}],"collection":[{"href":"https:\/\/pflegedienst-koenigsdoerfer.de\/index.php\/wp-json\/wp\/v2\/pages"}],"about":[{"href":"https:\/\/pflegedienst-koenigsdoerfer.de\/index.php\/wp-json\/wp\/v2\/types\/page"}],"author":[{"embeddable":true,"href":"https:\/\/pflegedienst-koenigsdoerfer.de\/index.php\/wp-json\/wp\/v2\/users\/1"}],"replies":[{"embeddable":true,"href":"https:\/\/pflegedienst-koenigsdoerfer.de\/index.php\/wp-json\/wp\/v2\/comments?post=14"}],"version-history":[{"count":8,"href":"https:\/\/pflegedienst-koenigsdoerfer.de\/index.php\/wp-json\/wp\/v2\/pages\/14\/revisions"}],"predecessor-version":[{"id":81,"href":"https:\/\/pflegedienst-koenigsdoerfer.de\/index.php\/wp-json\/wp\/v2\/pages\/14\/revisions\/81"}],"wp:attachment":[{"href":"https:\/\/pflegedienst-koenigsdoerfer.de\/index.php\/wp-json\/wp\/v2\/media?parent=14"}],"curies":[{"name":"wp","href":"https:\/\/api.w.org\/{rel}","templated":true}]}}