{"id":47,"date":"2023-02-09T11:21:58","date_gmt":"2023-02-09T11:21:58","guid":{"rendered":"https:\/\/pflegedienst-koenigsdoerfer.de\/?page_id=47"},"modified":"2023-08-17T13:03:58","modified_gmt":"2023-08-17T13:03:58","slug":"wir","status":"publish","type":"page","link":"https:\/\/pflegedienst-koenigsdoerfer.de\/index.php\/wir\/","title":{"rendered":"Team"},"content":{"rendered":"\n<h4 class=\"wp-block-heading\">Wir sind&#8230;<\/h4>\n\n\n\n<h5 class=\"wp-block-heading\">Heiko K\u00f6nigsd\u00f6rfer<\/h5>\n\n\n\n<div class=\"wp-block-columns is-layout-flex wp-container-core-columns-is-layout-28f84493 wp-block-columns-is-layout-flex\">\n<div class=\"wp-block-column is-layout-flow wp-block-column-is-layout-flow\">\n<figure class=\"wp-block-gallery has-nested-images columns-default is-cropped wp-block-gallery-1 is-layout-flex wp-block-gallery-is-layout-flex\">\n<figure class=\"wp-block-image size-large\"><img loading=\"lazy\" decoding=\"async\" width=\"1024\" height=\"768\" data-id=\"114\" src=\"https:\/\/pflegedienst-koenigsdoerfer.de\/wp-content\/uploads\/2023\/08\/heiko-k-1-1024x768.jpg\" alt=\"\" class=\"wp-image-114\" srcset=\"https:\/\/pflegedienst-koenigsdoerfer.de\/wp-content\/uploads\/2023\/08\/heiko-k-1-1024x768.jpg 1024w, https:\/\/pflegedienst-koenigsdoerfer.de\/wp-content\/uploads\/2023\/08\/heiko-k-1-300x225.jpg 300w, https:\/\/pflegedienst-koenigsdoerfer.de\/wp-content\/uploads\/2023\/08\/heiko-k-1-768x576.jpg 768w, https:\/\/pflegedienst-koenigsdoerfer.de\/wp-content\/uploads\/2023\/08\/heiko-k-1-1536x1152.jpg 1536w, https:\/\/pflegedienst-koenigsdoerfer.de\/wp-content\/uploads\/2023\/08\/heiko-k-1-2048x1536.jpg 2048w\" sizes=\"auto, (max-width: 1024px) 100vw, 1024px\" \/><\/figure>\n<\/figure>\n<\/div>\n\n\n\n<div class=\"wp-block-column is-layout-flow wp-block-column-is-layout-flow\">\n<p><strong>Inhaber, Pflegedienstleiter<\/strong><\/p>\n\n\n\n<p>staatlich examinierter Krankenpfleger<\/p>\n<\/div>\n<\/div>\n\n\n\n<hr class=\"wp-block-separator has-alpha-channel-opacity\"\/>\n\n\n\n<h5 class=\"wp-block-heading\">Sylvia Wichmann<\/h5>\n\n\n\n<div class=\"wp-block-columns is-layout-flex wp-container-core-columns-is-layout-28f84493 wp-block-columns-is-layout-flex\">\n<div class=\"wp-block-column is-layout-flow wp-block-column-is-layout-flow\">\n<figure class=\"wp-block-image size-large\"><img loading=\"lazy\" decoding=\"async\" width=\"1024\" height=\"514\" src=\"https:\/\/pflegedienst-koenigsdoerfer.de\/wp-content\/uploads\/2023\/02\/group-gf8b542c21_1280-1024x514.png\" alt=\"\" class=\"wp-image-103\" srcset=\"https:\/\/pflegedienst-koenigsdoerfer.de\/wp-content\/uploads\/2023\/02\/group-gf8b542c21_1280-1024x514.png 1024w, https:\/\/pflegedienst-koenigsdoerfer.de\/wp-content\/uploads\/2023\/02\/group-gf8b542c21_1280-300x151.png 300w, https:\/\/pflegedienst-koenigsdoerfer.de\/wp-content\/uploads\/2023\/02\/group-gf8b542c21_1280-768x386.png 768w, https:\/\/pflegedienst-koenigsdoerfer.de\/wp-content\/uploads\/2023\/02\/group-gf8b542c21_1280.png 1280w\" sizes=\"auto, (max-width: 1024px) 100vw, 1024px\" \/><\/figure>\n<\/div>\n\n\n\n<div class=\"wp-block-column is-layout-flow wp-block-column-is-layout-flow\">\n<p><strong>Pflegedienstleiterin<\/strong><\/p>\n\n\n\n<p>staatlich examinierte Kinderkrankenschwester<\/p>\n<\/div>\n<\/div>\n\n\n\n<hr class=\"wp-block-separator has-alpha-channel-opacity\"\/>\n\n\n\n<h5 class=\"wp-block-heading\">Das Team<\/h5>\n\n\n\n<div class=\"wp-block-columns is-layout-flex wp-container-core-columns-is-layout-28f84493 wp-block-columns-is-layout-flex\">\n<div class=\"wp-block-column is-layout-flow wp-block-column-is-layout-flow\">\n<figure class=\"wp-block-image size-large\"><img loading=\"lazy\" decoding=\"async\" width=\"1024\" height=\"514\" src=\"https:\/\/pflegedienst-koenigsdoerfer.de\/wp-content\/uploads\/2023\/02\/group-gf8b542c21_1280-1024x514.png\" alt=\"\" class=\"wp-image-103\" srcset=\"https:\/\/pflegedienst-koenigsdoerfer.de\/wp-content\/uploads\/2023\/02\/group-gf8b542c21_1280-1024x514.png 1024w, https:\/\/pflegedienst-koenigsdoerfer.de\/wp-content\/uploads\/2023\/02\/group-gf8b542c21_1280-300x151.png 300w, https:\/\/pflegedienst-koenigsdoerfer.de\/wp-content\/uploads\/2023\/02\/group-gf8b542c21_1280-768x386.png 768w, https:\/\/pflegedienst-koenigsdoerfer.de\/wp-content\/uploads\/2023\/02\/group-gf8b542c21_1280.png 1280w\" sizes=\"auto, (max-width: 1024px) 100vw, 1024px\" \/><\/figure>\n<\/div>\n\n\n\n<div class=\"wp-block-column is-layout-flow wp-block-column-is-layout-flow\">\n<p>Das wahrscheinlich engagierteste Team erfahrener Pflege(fach)kr\u00e4fte <\/p>\n<\/div>\n<\/div>\n\n\n\n<hr class=\"wp-block-separator has-alpha-channel-opacity\"\/>\n\n\n\n<h4 class=\"wp-block-heading\">Wir k\u00f6nnen&#8230;<\/h4>\n\n\n\n<p>Zuh\u00f6ren, zuh\u00f6ren und zuh\u00f6ren. Sorgen erkennen, Probleme durchdenken, M\u00f6glichkeiten sichtbar machen, Notwendiges und W\u00fcnschenswertes zusammenf\u00fchren (oder auch auseinanderhalten), Wege zu Linderung und L\u00f6sung finden \u2013 kurz: mehr Klarheit in schwierigen Zeiten schaffen.<\/p>\n\n\n\n<hr class=\"wp-block-separator has-alpha-channel-opacity\"\/>\n\n\n\n<h4 class=\"wp-block-heading\">Wir tun das&#8230;<\/h4>\n\n\n\n<p>&#8230; damit Sie auch weiterhin, so lange wie m\u00f6glich, in Ihren vier W\u00e4nden selbstbestimmt leben k\u00f6nnen. Nicht mehr, nicht weniger.<\/p>\n\n\n\n<p><\/p>\n","protected":false},"excerpt":{"rendered":"<p>Wir sind&#8230; Heiko K\u00f6nigsd\u00f6rfer Inhaber, Pflegedienstleiter staatlich examinierter Krankenpfleger Sylvia Wichmann Pflegedienstleiterin staatlich examinierte Kinderkrankenschwester Das Team Das wahrscheinlich engagierteste Team erfahrener Pflege(fach)kr\u00e4fte Wir k\u00f6nnen&#8230; Zuh\u00f6ren, zuh\u00f6ren und zuh\u00f6ren. Sorgen erkennen, Probleme durchdenken, M\u00f6glichkeiten sichtbar machen, Notwendiges und W\u00fcnschenswertes zusammenf\u00fchren (oder auch auseinanderhalten), Wege zu Linderung und L\u00f6sung finden \u2013 kurz: mehr Klarheit in schwierigen [&hellip;]<\/p>\n","protected":false},"author":1,"featured_media":0,"parent":0,"menu_order":0,"comment_status":"closed","ping_status":"closed","template":"","meta":{"footnotes":""},"class_list":["post-47","page","type-page","status-publish","hentry"],"_links":{"self":[{"href":"https:\/\/pflegedienst-koenigsdoerfer.de\/index.php\/wp-json\/wp\/v2\/pages\/47","targetHints":{"allow":["GET"]}}],"collection":[{"href":"https:\/\/pflegedienst-koenigsdoerfer.de\/index.php\/wp-json\/wp\/v2\/pages"}],"about":[{"href":"https:\/\/pflegedienst-koenigsdoerfer.de\/index.php\/wp-json\/wp\/v2\/types\/page"}],"author":[{"embeddable":true,"href":"https:\/\/pflegedienst-koenigsdoerfer.de\/index.php\/wp-json\/wp\/v2\/users\/1"}],"replies":[{"embeddable":true,"href":"https:\/\/pflegedienst-koenigsdoerfer.de\/index.php\/wp-json\/wp\/v2\/comments?post=47"}],"version-history":[{"count":14,"href":"https:\/\/pflegedienst-koenigsdoerfer.de\/index.php\/wp-json\/wp\/v2\/pages\/47\/revisions"}],"predecessor-version":[{"id":116,"href":"https:\/\/pflegedienst-koenigsdoerfer.de\/index.php\/wp-json\/wp\/v2\/pages\/47\/revisions\/116"}],"wp:attachment":[{"href":"https:\/\/pflegedienst-koenigsdoerfer.de\/index.php\/wp-json\/wp\/v2\/media?parent=47"}],"curies":[{"name":"wp","href":"https:\/\/api.w.org\/{rel}","templated":true}]}}